{"id":351,"date":"2023-07-08T11:41:44","date_gmt":"2023-07-08T08:41:44","guid":{"rendered":"https:\/\/kregori.ee\/strona-glowna\/"},"modified":"2025-02-08T22:23:31","modified_gmt":"2025-02-08T20:23:31","slug":"strona-glowna","status":"publish","type":"page","link":"https:\/\/kregori.ee\/pl\/","title":{"rendered":"Strona g\u0142\u00f3wna"},"content":{"rendered":"<p>[et_pb_section fb_built=&#8221;1&#8243; fullwidth=&#8221;on&#8221; _builder_version=&#8221;4.21.0&#8243; _module_preset=&#8221;default&#8221; global_colors_info=&#8221;{}&#8221;][et_pb_fullwidth_slider use_bg_overlay=&#8221;off&#8221; use_text_overlay=&#8221;on&#8221; text_overlay_color=&#8221;#FFFFFF&#8221; text_border_radius=&#8221;24px&#8221; arrows_custom_color=&#8221;#1a1a1a&#8221; dot_nav_custom_color=&#8221;#1a1a1a&#8221; _builder_version=&#8221;4.21.0&#8243; _module_preset=&#8221;default&#8221; header_text_color=&#8221;#1a1a1a&#8221; header_font_size=&#8221;50px&#8221; body_font=&#8221;|700|||||||&#8221; body_text_color=&#8221;#222222&#8243; body_font_size=&#8221;20px&#8221; global_colors_info=&#8221;{}&#8221;][et_pb_slide heading=&#8221;Us\u0142uga pilota\u017cu pojazd\u00f3w&#8221; button_text=&#8221;Zam\u00f3w us\u0142ug\u0119&#8221; button_link=&#8221;@ET-DC@eyJkeW5hbWljIjp0cnVlLCJjb250ZW50IjoicG9zdF9saW5rX3VybF9wYWdlIiwic2V0dGluZ3MiOnsicG9zdF9pZCI6IjIzIiwiZW5hYmxlX2h0bWwiOiJvZmYifX0=@&#8221; use_text_overlay=&#8221;on&#8221; text_overlay_color=&#8221;rgba(255,255,255,0.7)&#8221; _builder_version=&#8221;4.21.0&#8243; _dynamic_attributes=&#8221;button_link&#8221; _module_preset=&#8221;default&#8221; header_font=&#8221;|700|||||||&#8221; header_text_color=&#8221;#333333&#8243; header_font_size=&#8221;50px&#8221; body_font=&#8221;|600|||||||&#8221; body_text_color=&#8221;#1a1a1a&#8221; body_font_size=&#8221;20px&#8221; background_enable_color=&#8221;off&#8221; background_image=&#8221;https:\/\/kregori.ee\/wp-content\/uploads\/2023\/07\/kregori-saateauto-avang.jpg&#8221; background_enable_image=&#8221;on&#8221; custom_button=&#8221;on&#8221; button_text_color=&#8221;#515254&#8243; button_bg_color=&#8221;#ffaf3a&#8221; button_border_color=&#8221;#ffaf3a&#8221; button_border_radius=&#8221;2px&#8221; button_font=&#8221;Open Sans|700||on|||||&#8221; global_colors_info=&#8221;{}&#8221; sticky_transition=&#8221;on&#8221;]<\/p>\n<p>Us\u0142uga konwojowania towar\u00f3w ponadgabarytowych.<\/p>\n<p>Do\u015bwiadczony zesp\u00f3\u0142 pomo\u017ce bezpiecznie dostarczy\u0107 \u0142adunek do miejsca przeznaczenia.<\/p>\n<p>[\/et_pb_slide][et_pb_slide heading=&#8221;Serwis i wynajem podno\u015bnik\u00f3w teleskopowych&#8221; button_text=&#8221;Zam\u00f3w us\u0142ug\u0119&#8221; button_link=&#8221;@ET-DC@eyJkeW5hbWljIjp0cnVlLCJjb250ZW50IjoicG9zdF9saW5rX3VybF9wYWdlIiwic2V0dGluZ3MiOnsicG9zdF9pZCI6IjIxIiwiZW5hYmxlX2h0bWwiOiJvZmYifX0=@&#8221; use_text_overlay=&#8221;on&#8221; text_overlay_color=&#8221;rgba(255,255,255,0.7)&#8221; _builder_version=&#8221;4.21.0&#8243; _dynamic_attributes=&#8221;button_link&#8221; _module_preset=&#8221;default&#8221; header_font=&#8221;|700|||||||&#8221; header_text_color=&#8221;#333333&#8243; header_font_size=&#8221;50px&#8221; body_font=&#8221;|600|||||||&#8221; body_text_color=&#8221;#1a1a1a&#8221; body_font_size=&#8221;20px&#8221; background_enable_color=&#8221;off&#8221; background_image=&#8221;https:\/\/kregori.ee\/wp-content\/uploads\/2023\/07\/kregori-laadur.jpg&#8221; background_enable_image=&#8221;on&#8221; custom_button=&#8221;on&#8221; button_text_color=&#8221;#515254&#8243; button_bg_color=&#8221;#ffaf3a&#8221; button_border_color=&#8221;#ffaf3a&#8221; button_border_radius=&#8221;2px&#8221; button_font=&#8221;Open Sans|700||on|||||&#8221; global_colors_info=&#8221;{}&#8221; sticky_transition=&#8221;on&#8221;]<\/p>\n<p>W Tallinie: 588 599 58<\/p>\n<p>W Tartu: 588 599 34<\/p>\n<p>[\/et_pb_slide][\/et_pb_fullwidth_slider][\/et_pb_section][et_pb_section fb_built=&#8221;1&#8243; _builder_version=&#8221;4.21.0&#8243; _module_preset=&#8221;default&#8221; global_colors_info=&#8221;{}&#8221;][et_pb_row _builder_version=&#8221;4.21.0&#8243; _module_preset=&#8221;default&#8221; custom_margin=&#8221;||0px||false|false&#8221; custom_padding=&#8221;||0px||false|false&#8221; global_colors_info=&#8221;{}&#8221;][et_pb_column type=&#8221;4_4&#8243; _builder_version=&#8221;4.21.0&#8243; _module_preset=&#8221;default&#8221; global_colors_info=&#8221;{}&#8221;][et_pb_text _builder_version=&#8221;4.21.0&#8243; _module_preset=&#8221;default&#8221; text_font=&#8221;|600|||||||&#8221; text_font_size=&#8221;20px&#8221; text_line_height=&#8221;1.8em&#8221; global_colors_info=&#8221;{}&#8221;]<\/p>\n<p>Us\u0142ugi podnoszenia i za\u0142adunku za pomoc\u0105 \u0142adowarek teleskopowych w Tallinie i Tartu<\/p>\n<p>[\/et_pb_text][\/et_pb_column][\/et_pb_row][et_pb_row column_structure=&#8221;3_5,2_5&#8243; _builder_version=&#8221;4.21.0&#8243; _module_preset=&#8221;default&#8221; custom_margin=&#8221;||0px||false|false&#8221; custom_padding=&#8221;||0px||false|false&#8221; global_colors_info=&#8221;{}&#8221;][et_pb_column type=&#8221;3_5&#8243; _builder_version=&#8221;4.21.0&#8243; _module_preset=&#8221;default&#8221; global_colors_info=&#8221;{}&#8221;][et_pb_text _builder_version=&#8221;4.21.0&#8243; _module_preset=&#8221;default&#8221; global_colors_info=&#8221;{}&#8221;]<\/p>\n<p>Nasz do\u015bwiadczony zesp\u00f3\u0142 wykonuje szeroki zakres operacji za\u0142adunku i podnoszenia. Maszyny znajduj\u0105 si\u0119 w Tallinie i Tartu, a prace wykonywane s\u0105 na terenie ca\u0142ej Estonii. Wykonujemy g\u0142\u00f3wnie nast\u0119puj\u0105ce prace:  <\/p>\n<ul class=\"list-unstyled\">\n<li>\u0141adowanie<\/li>\n<li>Podnoszenie<\/li>\n<li>Praca d\u017awigu<\/li>\n<li>Prace budowlane: podnoszenie materia\u0142\u00f3w budowlanych, podnoszenie sprz\u0119tu budowlanego i obrabiarek.<\/li>\n<li>wywrotka: za\u0142adunek piasku, ziemi, gruzu itp.<\/li>\n<li>Czyszczenie<\/li>\n<li>\u015anie\u017cna dekoracja<\/li>\n<li>Usuwanie \u0142ez<\/li>\n<li>Winda: instalacja tablic reklamowych, prace elektryczne<\/li>\n<li>Architektura krajobrazu<\/li>\n<\/ul>\n<p>[\/et_pb_text][et_pb_button button_url=&#8221;@ET-DC@eyJkeW5hbWljIjp0cnVlLCJjb250ZW50IjoicG9zdF9saW5rX3VybF9wYWdlIiwic2V0dGluZ3MiOnsicG9zdF9pZCI6IjIxIiwiZW5hYmxlX2h0bWwiOiJvZmYifX0=@&#8221; button_text=&#8221;Czytaj wi\u0119cej&#8221; _builder_version=&#8221;4.21.0&#8243; _dynamic_attributes=&#8221;button_url&#8221; _module_preset=&#8221;default&#8221; custom_button=&#8221;on&#8221; button_text_size=&#8221;18px&#8221; button_text_color=&#8221;#515254&#8243; button_bg_color=&#8221;#ffaf3a&#8221; button_border_color=&#8221;#ffaf3a&#8221; global_colors_info=&#8221;{}&#8221;][\/et_pb_button][\/et_pb_column][et_pb_column type=&#8221;2_5&#8243; _builder_version=&#8221;4.21.0&#8243; _module_preset=&#8221;default&#8221; global_colors_info=&#8221;{}&#8221;][dmpro_carousel columns=&#8221;1&#8243; loop=&#8221;on&#8221; autoplay=&#8221;on&#8221; navigation=&#8221;on&#8221; navigation_prev_icon_yn=&#8221;on&#8221; navigation_prev_icon=&#8221;4||divi||400&#8243; navigation_next_icon_yn=&#8221;on&#8221; navigation_next_icon=&#8221;5||divi||400&#8243; navigation_color=&#8221;#ffaf3a&#8221; _builder_version=&#8221;4.21.0&#8243; _module_preset=&#8221;default&#8221; custom_padding=&#8221;0px|||||&#8221; locked=&#8221;off&#8221; global_colors_info=&#8221;{}&#8221;][dmpro_carousel_child img_src=&#8221;https:\/\/kregori.ee\/wp-content\/uploads\/2023\/07\/teleskooplaadurid.png&#8221; _builder_version=&#8221;4.21.0&#8243; _module_preset=&#8221;default&#8221; global_colors_info=&#8221;{}&#8221;][\/dmpro_carousel_child][dmpro_carousel_child img_src=&#8221;https:\/\/kregori.ee\/wp-content\/uploads\/2023\/07\/kregori_manitou_noolepikendus.jpg&#8221; text_title=&#8221;Noolepikendus&#8221; _builder_version=&#8221;4.21.0&#8243; _module_preset=&#8221;default&#8221; global_colors_info=&#8221;{}&#8221;][\/dmpro_carousel_child][dmpro_carousel_child img_src=&#8221;https:\/\/kregori.ee\/wp-content\/uploads\/2023\/07\/kregori_manitou_klaasi_vaakumtostuk_righetti.jpg&#8221; text_title=&#8221;Vaakum klaasit\u00f5stuk  &#8221; desc_text=&#8221;<\/p>\n<p>RIGHETTI VB4+4 RCMBM max 400\/800kg<\/p>\n<p>&#8221; _builder_version=&#8221;4.21.0&#8243; _module_preset=&#8221;default&#8221; global_colors_info=&#8221;{}&#8221;][\/dmpro_carousel_child][\/dmpro_carousel][\/et_pb_column][\/et_pb_row][et_pb_row _builder_version=&#8221;4.21.0&#8243; _module_preset=&#8221;default&#8221; custom_margin=&#8221;||0px||false|false&#8221; custom_padding=&#8221;||0px||false|false&#8221; global_colors_info=&#8221;{}&#8221;][et_pb_column type=&#8221;4_4&#8243; _builder_version=&#8221;4.21.0&#8243; _module_preset=&#8221;default&#8221; global_colors_info=&#8221;{}&#8221;][et_pb_text _builder_version=&#8221;4.21.0&#8243; _module_preset=&#8221;default&#8221; text_font=&#8221;|600|||||||&#8221; text_font_size=&#8221;20px&#8221; text_line_height=&#8221;1.8em&#8221; global_colors_info=&#8221;{}&#8221;]<\/p>\n<p>Eskorta samochodowa w Estonii, krajach ba\u0142tyckich i Skandynawii<\/p>\n<p>[\/et_pb_text][\/et_pb_column][\/et_pb_row][et_pb_row column_structure=&#8221;1_2,1_2&#8243; _builder_version=&#8221;4.21.0&#8243; _module_preset=&#8221;default&#8221; global_colors_info=&#8221;{}&#8221;][et_pb_column type=&#8221;1_2&#8243; _builder_version=&#8221;4.21.0&#8243; _module_preset=&#8221;default&#8221; global_colors_info=&#8221;{}&#8221;][et_pb_image src=&#8221;https:\/\/kregori.ee\/wp-content\/uploads\/2023\/07\/saateauto-teenus.jpg&#8221; alt=&#8221;Eskorta samochodowa w Estonii, na \u0141otwie, Litwie, w Szwecji i Norwegii. Us\u0142uga pilota\u017cu pojazd\u00f3w na najwy\u017cszym poziomie dla transport\u00f3w ponadgabarytowych. &#8221; title_text=&#8221;Us\u0142ugi pilota\u017cu pojazd\u00f3w&#8221; _builder_version=&#8221;4.21.0&#8243; _module_preset=&#8221;default&#8221; global_colors_info=&#8221;{}&#8221;][\/et_pb_image][\/et_pb_column][et_pb_column type=&#8221;1_2&#8243; _builder_version=&#8221;4.21.0&#8243; _module_preset=&#8221;default&#8221; global_colors_info=&#8221;{}&#8221;][et_pb_text _builder_version=&#8221;4.23.1&#8243; _module_preset=&#8221;default&#8221; global_colors_info=&#8221;{}&#8221;]<\/p>\n<p>Oferujemy naszym klientom eskortowanie \u0142adunk\u00f3w ponadgabarytowych. \u0141adunki ponadgabarytowe o szeroko\u015bci przekraczaj\u0105cej 3,5 m wymagaj\u0105 pojazdu eskortowego. <\/p>\n<p>Wieloletnie do\u015bwiadczenie oraz wykwalifikowany zesp\u00f3\u0142 zapewniaj\u0105, \u017ce Pa\u0144stwa \u0142adunki ponadgabarytowe \u2013 niezale\u017cnie od ich wielko\u015bci czy ci\u0119\u017caru, przekraczaj\u0105cego standardy ruchu drogowego \u2013 dotr\u0105 bezpiecznie i na czas do miejsca docelowego.<\/p>\n<p>Us\u0142ug\u0119 pilota\u017cu pojazd\u00f3w oferujemy w Estonii, na \u0141otwie, Litwie, w Finlandii, Szwecji i Norwegii.<\/p>\n<p>[\/et_pb_text][et_pb_button button_url=&#8221;@ET-DC@eyJkeW5hbWljIjp0cnVlLCJjb250ZW50IjoicG9zdF9saW5rX3VybF9wYWdlIiwic2V0dGluZ3MiOnsicG9zdF9pZCI6IjIzIiwiZW5hYmxlX2h0bWwiOiJvZmYifX0=@&#8221; button_text=&#8221;Czytaj wi\u0119cej&#8221; _builder_version=&#8221;4.21.0&#8243; _dynamic_attributes=&#8221;button_url&#8221; _module_preset=&#8221;default&#8221; custom_button=&#8221;on&#8221; button_text_size=&#8221;18px&#8221; button_text_color=&#8221;#515254&#8243; button_bg_color=&#8221;#ffaf3a&#8221; button_border_color=&#8221;#ffaf3a&#8221; global_colors_info=&#8221;{}&#8221;][\/et_pb_button][\/et_pb_column][\/et_pb_row][et_pb_row _builder_version=&#8221;4.21.0&#8243; _module_preset=&#8221;default&#8221; custom_margin=&#8221;||0px||false|false&#8221; custom_padding=&#8221;||0px||false|false&#8221; global_colors_info=&#8221;{}&#8221;][et_pb_column type=&#8221;4_4&#8243; _builder_version=&#8221;4.21.0&#8243; _module_preset=&#8221;default&#8221; global_colors_info=&#8221;{}&#8221;][et_pb_text _builder_version=&#8221;4.25.0&#8243; _module_preset=&#8221;default&#8221; text_font=&#8221;|600|||||||&#8221; text_font_size=&#8221;20px&#8221; text_line_height=&#8221;1.8em&#8221; hover_enabled=&#8221;0&#8243; global_colors_info=&#8221;{}&#8221; sticky_enabled=&#8221;0&#8243;]<\/p>\n<p>Partnerzy<\/p>\n<p>[\/et_pb_text][\/et_pb_column][\/et_pb_row][et_pb_row _builder_version=&#8221;4.25.0&#8243; _module_preset=&#8221;default&#8221; column_structure=&#8221;1_2,1_2&#8243;][et_pb_column _builder_version=&#8221;4.25.0&#8243; _module_preset=&#8221;default&#8221; type=&#8221;1_2&#8243;][et_pb_blurb image=&#8221;https:\/\/kregori.ee\/wp-content\/uploads\/2024\/04\/premiumtrans-logo.png&#8221; _builder_version=&#8221;4.25.0&#8243; _module_preset=&#8221;default&#8221; title_text=&#8221;premiumtrans-logo&#8221; link_option_url=&#8221;https:\/\/premiumtrans.ee\/&#8221; url=&#8221;https:\/\/premiumtrans.ee\/&#8221; url_new_window=&#8221;on&#8221; link_option_url_new_window=&#8221;on&#8221; hover_enabled=&#8221;0&#8243; sticky_enabled=&#8221;0&#8243;][\/et_pb_blurb][\/et_pb_column][et_pb_column _builder_version=&#8221;4.25.0&#8243; _module_preset=&#8221;default&#8221; type=&#8221;1_2&#8243;][et_pb_blurb image=&#8221;https:\/\/kregori.ee\/wp-content\/uploads\/2024\/04\/abiveod.png&#8221; _builder_version=&#8221;4.25.0&#8243; _module_preset=&#8221;default&#8221; title_text=&#8221;abiveod&#8221; link_option_url=&#8221;https:\/\/www.abiveod.ee\/kontakt\/&#8221; url=&#8221;https:\/\/www.abiveod.ee\/kontakt\/&#8221; url_new_window=&#8221;on&#8221; link_option_url_new_window=&#8221;on&#8221; hover_enabled=&#8221;0&#8243; sticky_enabled=&#8221;0&#8243;][\/et_pb_blurb][\/et_pb_column][\/et_pb_row][\/et_pb_section]<\/p>\n","protected":false},"excerpt":{"rendered":"<p>Us\u0142uga konwojowania towar\u00f3w ponadgabarytowych. Do\u015bwiadczony zesp\u00f3\u0142 pomo\u017ce bezpiecznie dostarczy\u0107 \u0142adunek do miejsca przeznaczenia.W Tallinie: 588 599 58 W Tartu: 588 599 34Us\u0142ugi podnoszenia i za\u0142adunku za pomoc\u0105 \u0142adowarek teleskopowych w Tallinie i TartuNasz do\u015bwiadczony zesp\u00f3\u0142 wykonuje szeroki zakres operacji za\u0142adunku i podnoszenia. Maszyny znajduj\u0105 si\u0119 w Tallinie i Tartu, a prace wykonywane s\u0105 na terenie [&hellip;]<\/p>\n","protected":false},"author":1,"featured_media":0,"parent":0,"menu_order":0,"comment_status":"closed","ping_status":"closed","template":"","meta":{"_et_pb_use_builder":"on","_et_pb_old_content":"","_et_gb_content_width":"","footnotes":""},"class_list":["post-351","page","type-page","status-publish","hentry"],"_links":{"self":[{"href":"https:\/\/kregori.ee\/pl\/wp-json\/wp\/v2\/pages\/351","targetHints":{"allow":["GET"]}}],"collection":[{"href":"https:\/\/kregori.ee\/pl\/wp-json\/wp\/v2\/pages"}],"about":[{"href":"https:\/\/kregori.ee\/pl\/wp-json\/wp\/v2\/types\/page"}],"author":[{"embeddable":true,"href":"https:\/\/kregori.ee\/pl\/wp-json\/wp\/v2\/users\/1"}],"replies":[{"embeddable":true,"href":"https:\/\/kregori.ee\/pl\/wp-json\/wp\/v2\/comments?post=351"}],"version-history":[{"count":5,"href":"https:\/\/kregori.ee\/pl\/wp-json\/wp\/v2\/pages\/351\/revisions"}],"predecessor-version":[{"id":381,"href":"https:\/\/kregori.ee\/pl\/wp-json\/wp\/v2\/pages\/351\/revisions\/381"}],"wp:attachment":[{"href":"https:\/\/kregori.ee\/pl\/wp-json\/wp\/v2\/media?parent=351"}],"curies":[{"name":"wp","href":"https:\/\/api.w.org\/{rel}","templated":true}]}}