{"id":397,"date":"2023-07-08T12:48:13","date_gmt":"2023-07-08T09:48:13","guid":{"rendered":"https:\/\/kregori.ee\/techniki\/"},"modified":"2026-01-26T13:10:46","modified_gmt":"2026-01-26T11:10:46","slug":"techniki","status":"publish","type":"page","link":"https:\/\/kregori.ee\/pl\/techniki\/","title":{"rendered":"Techniki"},"content":{"rendered":"<p>[et_pb_section fb_built=&#8221;1&#8243; _builder_version=&#8221;4.21.0&#8243; _dynamic_attributes=&#8221;background_image&#8221; _module_preset=&#8221;default&#8221; background_image=&#8221;@ET-DC@eyJkeW5hbWljIjp0cnVlLCJjb250ZW50IjoicG9zdF9mZWF0dXJlZF9pbWFnZSIsInNldHRpbmdzIjp7ImVuYWJsZV9odG1sIjoib2ZmIn19@&#8221; global_colors_info=&#8221;{}&#8221;][et_pb_row _builder_version=&#8221;4.21.0&#8243; _module_preset=&#8221;default&#8221; background_enable_color=&#8221;off&#8221; custom_margin=&#8221;15vh||2vh||false|false&#8221; custom_padding=&#8221;||||false|false&#8221; global_colors_info=&#8221;{}&#8221;][et_pb_column type=&#8221;4_4&#8243; _builder_version=&#8221;4.21.0&#8243; _module_preset=&#8221;default&#8221; global_colors_info=&#8221;{}&#8221;][et_pb_text _builder_version=&#8221;4.21.0&#8243; _dynamic_attributes=&#8221;content&#8221; _module_preset=&#8221;default&#8221; background_color=&#8221;rgba(255,255,255,0.61)&#8221; text_orientation=&#8221;center&#8221; custom_margin=&#8221;||||false|false&#8221; custom_padding=&#8221;20px|20px|20px|20px|false|false&#8221; border_radii=&#8221;on|5px|5px|5px|5px&#8221; global_colors_info=&#8221;{}&#8221;]@ET-DC@eyJkeW5hbWljIjp0cnVlLCJjb250ZW50IjoicG9zdF90aXRsZSIsInNldHRpbmdzIjp7ImJlZm9yZSI6IjxoMT4iLCJhZnRlciI6IjwvaDE+IiwiZW5hYmxlX2h0bWwiOiJvZmYifX0=@[\/et_pb_text][\/et_pb_column][\/et_pb_row][\/et_pb_section][et_pb_section fb_built=&#8221;1&#8243; _builder_version=&#8221;4.21.0&#8243; _module_preset=&#8221;default&#8221; global_colors_info=&#8221;{}&#8221;][et_pb_row _builder_version=&#8221;4.21.0&#8243; _module_preset=&#8221;default&#8221; global_colors_info=&#8221;{}&#8221;][et_pb_column type=&#8221;4_4&#8243; _builder_version=&#8221;4.21.0&#8243; _module_preset=&#8221;default&#8221; global_colors_info=&#8221;{}&#8221;][et_pb_text _builder_version=&#8221;4.21.0&#8243; _module_preset=&#8221;default&#8221; global_colors_info=&#8221;{}&#8221;]<\/p>\n<p class=\"featurette-heading\">Kregor O\u00dc posiada w swojej flocie wiele r\u00f3\u017cnych \u0142adowarek teleskopowych, odpowiednich do r\u00f3\u017cnych zada\u0144.<\/p>\n<p>[\/et_pb_text][\/et_pb_column][\/et_pb_row][et_pb_row column_structure=&#8221;1_2,1_2&#8243; use_custom_gutter=&#8221;on&#8221; gutter_width=&#8221;1&#8243; make_equal=&#8221;on&#8221; _builder_version=&#8221;4.21.0&#8243; _module_preset=&#8221;default&#8221; global_colors_info=&#8221;{}&#8221;][et_pb_column type=&#8221;1_2&#8243; _builder_version=&#8221;4.21.0&#8243; _module_preset=&#8221;default&#8221; global_colors_info=&#8221;{}&#8221;][et_pb_text _builder_version=&#8221;4.21.0&#8243; _module_preset=&#8221;default&#8221; global_colors_info=&#8221;{}&#8221;]<\/p>\n<h2 class=\"lead\">\u0141adowarka teleskopowa MANITOU MT1840<\/h2>\n<p>[\/et_pb_text][et_pb_text _builder_version=&#8221;4.21.0&#8243; _module_preset=&#8221;default&#8221; global_colors_info=&#8221;{}&#8221;]<\/p>\n<ul class=\"list-unstyled\">\n<li>Ud\u017awig: 4000 kg<\/li>\n<li>Wysoko\u015b\u0107 windy: 17,55 m<\/li>\n<\/ul>\n<p class=\"lead text-danger\"><strong>Teraz mo\u017cna r\u00f3wnie\u017c u\u017cy\u0107 kosza. Trzy boki kosza mo\u017cna otworzy\u0107, aby zwi\u0119kszy\u0107 powierzchni\u0119 pod\u0142ogi w trzech kierunkach.<\/strong><\/p>\n<p>[\/et_pb_text][et_pb_image src=&#8221;https:\/\/kregori.ee\/wp-content\/uploads\/2023\/07\/teleskooplaadur_manitou_mt1840.png&#8221; alt=&#8221;\u0141adowarka teleskopowa MANITOU MT1840 &#8211; Kregori O\u00dc &#8211; Za\u0142adunek \u0142adowark\u0105 teleskopow\u0105&#8221; title_text=&#8221;\u0141adowarka teleskopowa MANITOU MT1840 &#8211; Kregori O\u00dc &#8211; Za\u0142adunek \u0142adowark\u0105 teleskopow\u0105&#8221; _builder_version=&#8221;4.21.0&#8243; _module_preset=&#8221;default&#8221; global_colors_info=&#8221;{}&#8221;][\/et_pb_image][\/et_pb_column][et_pb_column type=&#8221;1_2&#8243; _builder_version=&#8221;4.21.0&#8243; _module_preset=&#8221;default&#8221; global_colors_info=&#8221;{}&#8221;][et_pb_image src=&#8221;https:\/\/kregori.ee\/wp-content\/uploads\/2023\/07\/graafik-mt1840.png&#8221; alt=&#8221;\u0141adowarka teleskopowa MANITOU MT1840 &#8211; Kregori O\u00dc &#8211; Za\u0142adunek \u0142adowark\u0105 teleskopow\u0105&#8221; title_text=&#8221;\u0141adowarka teleskopowa MANITOU MT1840 &#8211; Kregori O\u00dc &#8211; Za\u0142adunek \u0142adowark\u0105 teleskopow\u0105&#8221; _builder_version=&#8221;4.21.0&#8243; _module_preset=&#8221;default&#8221; global_colors_info=&#8221;{}&#8221;][\/et_pb_image][\/et_pb_column][\/et_pb_row][et_pb_row column_structure=&#8221;1_2,1_2&#8243; use_custom_gutter=&#8221;on&#8221; gutter_width=&#8221;2&#8243; make_equal=&#8221;on&#8221; _builder_version=&#8221;4.21.0&#8243; _module_preset=&#8221;default&#8221; global_colors_info=&#8221;{}&#8221;][et_pb_column type=&#8221;1_2&#8243; _builder_version=&#8221;4.21.0&#8243; _module_preset=&#8221;default&#8221; global_colors_info=&#8221;{}&#8221;][et_pb_image src=&#8221;https:\/\/kregori.ee\/wp-content\/uploads\/2023\/07\/graafik-mt625.png&#8221; alt=&#8221;\u0141adowarka teleskopowa MANITOU MT625 &#8211; Kregori O\u00dc &#8211; Za\u0142adunek \u0142adowark\u0105 teleskopow\u0105&#8221; title_text=&#8221;\u0141adowarka teleskopowa MANITOU MT625 &#8211; Kregori O\u00dc &#8211; Za\u0142adunek \u0142adowark\u0105 teleskopow\u0105&#8221; _builder_version=&#8221;4.21.0&#8243; _module_preset=&#8221;default&#8221; global_colors_info=&#8221;{}&#8221;][\/et_pb_image][\/et_pb_column][et_pb_column type=&#8221;1_2&#8243; _builder_version=&#8221;4.21.0&#8243; _module_preset=&#8221;default&#8221; global_colors_info=&#8221;{}&#8221;][et_pb_text _builder_version=&#8221;4.21.0&#8243; _module_preset=&#8221;default&#8221; global_colors_info=&#8221;{}&#8221;]<\/p>\n<h2 class=\"lead\">\u0141adowarka teleskopowa MANITOU MT625<\/h2>\n<p>[\/et_pb_text][et_pb_text _builder_version=&#8221;4.21.0&#8243; _module_preset=&#8221;default&#8221; global_colors_info=&#8221;{}&#8221;]<\/p>\n<ul class=\"list-unstyled\">\n<li>Ud\u017awig: 2500 kg<\/li>\n<li>Wysoko\u015b\u0107 windy: 5,85 m<\/li>\n<li>Wysoko\u015b\u0107: 1,92 m<\/li>\n<li>Szeroko\u015b\u0107: 1,81 m<\/li>\n<li>D\u0142ugo\u015b\u0107: 3,9 m<\/li>\n<\/ul>\n<p>[\/et_pb_text][et_pb_image src=&#8221;https:\/\/kregori.ee\/wp-content\/uploads\/2023\/07\/teleskooplaadur_manitou_mt625_1.png&#8221; alt=&#8221;\u0141adowarka teleskopowa MANITOU MT625 &#8211; Kregori O\u00dc &#8211; Za\u0142adunek \u0142adowark\u0105 teleskopow\u0105&#8221; title_text=&#8221;\u0141adowarka teleskopowa MANITOU MT625 &#8211; Kregori O\u00dc &#8211; Za\u0142adunek \u0142adowark\u0105 teleskopow\u0105&#8221; _builder_version=&#8221;4.21.0&#8243; _module_preset=&#8221;default&#8221; global_colors_info=&#8221;{}&#8221;][\/et_pb_image][\/et_pb_column][\/et_pb_row][et_pb_row _builder_version=&#8221;4.21.0&#8243; _module_preset=&#8221;default&#8221; global_colors_info=&#8221;{}&#8221;][et_pb_column type=&#8221;4_4&#8243; _builder_version=&#8221;4.21.0&#8243; _module_preset=&#8221;default&#8221; global_colors_info=&#8221;{}&#8221;][et_pb_text _builder_version=&#8221;4.21.0&#8243; _module_preset=&#8221;default&#8221; global_colors_info=&#8221;{}&#8221;]<\/p>\n<p class=\"lead\">Minimalny czas wynajmu wynosi 1,5 godziny. Jeste\u015bmy elastyczni, je\u015bli chodzi o godziny pracy i bierzemy pod uwag\u0119 \u017cyczenia naszych klient\u00f3w. Mo\u017cemy r\u00f3wnie\u017c pom\u00f3c w pracy poza normalnymi godzinami pracy. Wynajem \u0142adowarki teleskopowej jest r\u00f3wnie\u017c dost\u0119pny wieczorami po godzinie 18:00.<\/p>\n<p>[\/et_pb_text][et_pb_text _builder_version=&#8221;4.21.0&#8243; _module_preset=&#8221;default&#8221; global_colors_info=&#8221;{}&#8221;]<\/p>\n<ul>\n<li class=\"text-muted\">Praca w dni wolne i nadgodziny za dodatkowym wynagrodzeniem po uzgodnieniu.<\/li>\n<li class=\"text-muted\">Godziny pracy w Tallinie zaczynaj\u0105 si\u0119 i ko\u0144cz\u0105 Kotka 44, Tallinn<\/li>\n<li class=\"text-muted\">Czas pracy w Tartu zaczyna si\u0119 i ko\u0144czy na Ringtee 26, Tartu<\/li>\n<\/ul>\n<p>[\/et_pb_text][et_pb_text _builder_version=&#8221;4.21.0&#8243; _module_preset=&#8221;default&#8221; global_colors_info=&#8221;{}&#8221;]<\/p>\n<h2>Ceny<\/h2>\n<ul class=\"list-unstyled\">\n<li>Manitou MT1840 cena:<span> <\/span><strong>60 \u20ac\/h<\/strong><\/li>\n<li>Manitou MLT 625 cena:<strong> 55 \u20ac\/h<\/strong><\/li>\n<li><span> <\/span><span> <\/span>Podno\u015bnik pr\u00f3\u017cniowy do szk\u0142a (RIGHETTI VB4+4 RCMBM max 400\/800kg) cena dzienna<strong>70 \u20ac<\/strong> (z VAT)<\/li>\n<li>Dzie\u0144 wynajmu podno\u015bnika pr\u00f3\u017cniowego ko\u0144czy si\u0119 o godzinie 09:00 nast\u0119pnego ranka.<\/li>\n<\/ul>\n<p>[\/et_pb_text][\/et_pb_column][\/et_pb_row][\/et_pb_section]<\/p>\n","protected":false},"excerpt":{"rendered":"<p>Kregor O\u00dc posiada w swojej flocie wiele r\u00f3\u017cnych \u0142adowarek teleskopowych, odpowiednich do r\u00f3\u017cnych zada\u0144.\u0141adowarka teleskopowa MANITOU MT1840 Ud\u017awig: 4000 kg Wysoko\u015b\u0107 windy: 17,55 m Teraz mo\u017cna r\u00f3wnie\u017c u\u017cy\u0107 kosza. Trzy boki kosza mo\u017cna otworzy\u0107, aby zwi\u0119kszy\u0107 powierzchni\u0119 pod\u0142ogi w trzech kierunkach.\u0141adowarka teleskopowa MANITOU MT625 Ud\u017awig: 2500 kg Wysoko\u015b\u0107 windy: 5,85 m Wysoko\u015b\u0107: 1,92 m Szeroko\u015b\u0107: [&hellip;]<\/p>\n","protected":false},"author":1,"featured_media":398,"parent":0,"menu_order":0,"comment_status":"closed","ping_status":"closed","template":"","meta":{"_et_pb_use_builder":"on","_et_pb_old_content":"","_et_gb_content_width":"","footnotes":""},"class_list":["post-397","page","type-page","status-publish","has-post-thumbnail","hentry"],"_links":{"self":[{"href":"https:\/\/kregori.ee\/pl\/wp-json\/wp\/v2\/pages\/397","targetHints":{"allow":["GET"]}}],"collection":[{"href":"https:\/\/kregori.ee\/pl\/wp-json\/wp\/v2\/pages"}],"about":[{"href":"https:\/\/kregori.ee\/pl\/wp-json\/wp\/v2\/types\/page"}],"author":[{"embeddable":true,"href":"https:\/\/kregori.ee\/pl\/wp-json\/wp\/v2\/users\/1"}],"replies":[{"embeddable":true,"href":"https:\/\/kregori.ee\/pl\/wp-json\/wp\/v2\/comments?post=397"}],"version-history":[{"count":8,"href":"https:\/\/kregori.ee\/pl\/wp-json\/wp\/v2\/pages\/397\/revisions"}],"predecessor-version":[{"id":447,"href":"https:\/\/kregori.ee\/pl\/wp-json\/wp\/v2\/pages\/397\/revisions\/447"}],"wp:featuredmedia":[{"embeddable":true,"href":"https:\/\/kregori.ee\/pl\/wp-json\/wp\/v2\/media\/398"}],"wp:attachment":[{"href":"https:\/\/kregori.ee\/pl\/wp-json\/wp\/v2\/media?parent=397"}],"curies":[{"name":"wp","href":"https:\/\/api.w.org\/{rel}","templated":true}]}}